{"id":183,"date":"2024-09-09T02:32:20","date_gmt":"2024-09-09T02:32:20","guid":{"rendered":"https:\/\/jurassique.ca\/?page_id=183"},"modified":"2025-12-01T23:45:08","modified_gmt":"2025-12-01T23:45:08","slug":"activites-2","status":"publish","type":"page","link":"https:\/\/jurassique.ca\/en\/activites-2\/","title":{"rendered":"Activities"},"content":{"rendered":"<div data-elementor-type=\"wp-page\" data-elementor-id=\"183\" class=\"elementor elementor-183\" data-elementor-post-type=\"page\">\n\t\t\t\t<div class=\"elementor-element elementor-element-a3ca9f0 e-flex e-con-boxed e-con e-parent\" data-id=\"a3ca9f0\" data-element_type=\"container\" data-e-type=\"container\">\n\t\t\t\t\t<div class=\"e-con-inner\">\n\t\t\t\t<div class=\"elementor-element elementor-element-bd022a5 elementor-widget elementor-widget-heading\" data-id=\"bd022a5\" data-element_type=\"widget\" data-e-type=\"widget\" data-widget_type=\"heading.default\">\n\t\t\t\t<div class=\"elementor-widget-container\">\n\t\t\t\t\t<h2 class=\"elementor-heading-title elementor-size-default\">More than a Mini-Golf...<\/h2>\t\t\t\t<\/div>\n\t\t\t\t<\/div>\n\t\t\t\t\t<\/div>\n\t\t\t\t<\/div>\n\t\t<div class=\"elementor-element elementor-element-55e9573 e-flex e-con-boxed e-con e-parent\" data-id=\"55e9573\" data-element_type=\"container\" data-e-type=\"container\">\n\t\t\t\t\t<div class=\"e-con-inner\">\n\t\t<div class=\"elementor-element elementor-element-2a584e6 e-con-full e-flex e-con e-child\" data-id=\"2a584e6\" data-element_type=\"container\" data-e-type=\"container\">\n\t\t\t\t<div class=\"elementor-element elementor-element-6223f4d elementor-widget elementor-widget-image\" data-id=\"6223f4d\" data-element_type=\"widget\" data-e-type=\"widget\" data-widget_type=\"image.default\">\n\t\t\t\t<div class=\"elementor-widget-container\">\n\t\t\t\t\t\t\t\t\t\t\t\t\t\t\t<img fetchpriority=\"high\" decoding=\"async\" width=\"800\" height=\"600\" src=\"https:\/\/jurassique.ca\/wp-content\/uploads\/2024\/09\/IMG_0865-1024x768.jpg\" class=\"attachment-large size-large wp-image-197\" alt=\"\" srcset=\"https:\/\/jurassique.ca\/wp-content\/uploads\/2024\/09\/IMG_0865-1024x768.jpg 1024w, https:\/\/jurassique.ca\/wp-content\/uploads\/2024\/09\/IMG_0865-300x225.jpg 300w, https:\/\/jurassique.ca\/wp-content\/uploads\/2024\/09\/IMG_0865-768x576.jpg 768w, https:\/\/jurassique.ca\/wp-content\/uploads\/2024\/09\/IMG_0865-1536x1152.jpg 1536w, https:\/\/jurassique.ca\/wp-content\/uploads\/2024\/09\/IMG_0865-2048x1536.jpg 2048w, https:\/\/jurassique.ca\/wp-content\/uploads\/2024\/09\/IMG_0865-16x12.jpg 16w\" sizes=\"(max-width: 800px) 100vw, 800px\" \/>\t\t\t\t\t\t\t\t\t\t\t\t\t\t\t<\/div>\n\t\t\t\t<\/div>\n\t\t\t\t<\/div>\n\t\t<div class=\"elementor-element elementor-element-138d40d e-con-full e-flex e-con e-child\" data-id=\"138d40d\" data-element_type=\"container\" data-e-type=\"container\">\n\t\t\t\t<div class=\"elementor-element elementor-element-fac2366 elementor-widget elementor-widget-heading\" data-id=\"fac2366\" data-element_type=\"widget\" data-e-type=\"widget\" data-widget_type=\"heading.default\">\n\t\t\t\t<div class=\"elementor-widget-container\">\n\t\t\t\t\t<h2 class=\"elementor-heading-title elementor-size-default\">Mini-Golf<\/h2>\t\t\t\t<\/div>\n\t\t\t\t<\/div>\n\t\t\t\t<div class=\"elementor-element elementor-element-0b7d93b elementor-widget elementor-widget-text-editor\" data-id=\"0b7d93b\" data-element_type=\"widget\" data-e-type=\"widget\" data-widget_type=\"text-editor.default\">\n\t\t\t\t<div class=\"elementor-widget-container\">\n\t\t\t\t\t\t\t\t\t<p>We have 18 holes of mini golf inside our centre, sculpted like real terrain. Many obstacles, plants, and hilly features await you. Will you be the champion of your group? Or will your score suffer because of prehistoric distractions?<\/p><p>Jurassique est un des seuls centres de mini-golf int\u00e9rieur sur la rive-sud de Montr\u00e9al, ouvert toute l&rsquo;ann\u00e9e. En raison de l&rsquo;encombrement de nos amis pr\u00e9historiques, l&rsquo;espace est limit\u00e9 sur le parcours et il peut y avoir une attente pour commencer votre exp\u00e9dition. Nous vous recommandons de r\u00e9server votre heure de d\u00e9part \u00e0 l&rsquo;avance, mais nous acceptons les clients sans r\u00e9servation lorsque cela est possible.<\/p>\t\t\t\t\t\t\t\t<\/div>\n\t\t\t\t<\/div>\n\t\t\t\t<\/div>\n\t\t\t\t\t<\/div>\n\t\t\t\t<\/div>\n\t\t<div class=\"elementor-element elementor-element-c7ab6da e-flex e-con-boxed e-con e-parent\" data-id=\"c7ab6da\" data-element_type=\"container\" data-e-type=\"container\">\n\t\t\t\t\t<div class=\"e-con-inner\">\n\t\t<div class=\"elementor-element elementor-element-46d83f9 e-con-full e-flex e-con e-child\" data-id=\"46d83f9\" data-element_type=\"container\" data-e-type=\"container\">\n\t\t\t\t<div class=\"elementor-element elementor-element-6c3a91b elementor-widget elementor-widget-heading\" data-id=\"6c3a91b\" data-element_type=\"widget\" data-e-type=\"widget\" data-widget_type=\"heading.default\">\n\t\t\t\t<div class=\"elementor-widget-container\">\n\t\t\t\t\t<h2 class=\"elementor-heading-title elementor-size-default\">Dinosaurs<\/h2>\t\t\t\t<\/div>\n\t\t\t\t<\/div>\n\t\t\t\t<div class=\"elementor-element elementor-element-d290b25 elementor-widget elementor-widget-text-editor\" data-id=\"d290b25\" data-element_type=\"widget\" data-e-type=\"widget\" data-widget_type=\"text-editor.default\">\n\t\t\t\t<div class=\"elementor-widget-container\">\n\t\t\t\t\t\t\t\t\t<p>Somehow, life finds a way... and the way seems to lead to Brossard! Our centre has more than twenty dinosaurs, that move and roar during your mini golf round.<\/p><ul><li>Tyrannosaurus rex<\/li><li>Carnotaurus<\/li><li>Stegosaurus<\/li><li>Styracosaurus<\/li><li>Dilophosaurus<\/li><li>Ankylosaurus<\/li><li>Raptors<\/li><li>Pterodactyl<\/li><li>Many compsognathus<\/li><\/ul><p>If you want to visit our prehistoric creatures without the pressure of mini-golf, we invite you to\u00a0<span style=\"color: var( --e-global-color-text ); font-family: var( --e-global-typography-text-font-family ), Sans-serif; font-weight: var( --e-global-typography-text-font-weight ); text-align: var(--text-align); background-color: var( --e-global-color-primary );\">visit us during Explorer hours.<\/span><\/p>\t\t\t\t\t\t\t\t<\/div>\n\t\t\t\t<\/div>\n\t\t\t\t<\/div>\n\t\t<div class=\"elementor-element elementor-element-61b0dcd e-con-full e-flex e-con e-child\" data-id=\"61b0dcd\" data-element_type=\"container\" data-e-type=\"container\">\n\t\t\t\t<div class=\"elementor-element elementor-element-de995a2 elementor-widget elementor-widget-image\" data-id=\"de995a2\" data-element_type=\"widget\" data-e-type=\"widget\" data-widget_type=\"image.default\">\n\t\t\t\t<div class=\"elementor-widget-container\">\n\t\t\t\t\t\t\t\t\t\t\t\t\t\t\t<img decoding=\"async\" width=\"800\" height=\"600\" src=\"https:\/\/jurassique.ca\/wp-content\/uploads\/2024\/09\/IMG_0838-1024x768.jpg\" class=\"attachment-large size-large wp-image-199\" alt=\"\" srcset=\"https:\/\/jurassique.ca\/wp-content\/uploads\/2024\/09\/IMG_0838-1024x768.jpg 1024w, https:\/\/jurassique.ca\/wp-content\/uploads\/2024\/09\/IMG_0838-300x225.jpg 300w, https:\/\/jurassique.ca\/wp-content\/uploads\/2024\/09\/IMG_0838-768x576.jpg 768w, https:\/\/jurassique.ca\/wp-content\/uploads\/2024\/09\/IMG_0838-1536x1152.jpg 1536w, https:\/\/jurassique.ca\/wp-content\/uploads\/2024\/09\/IMG_0838-2048x1536.jpg 2048w, https:\/\/jurassique.ca\/wp-content\/uploads\/2024\/09\/IMG_0838-16x12.jpg 16w\" sizes=\"(max-width: 800px) 100vw, 800px\" \/>\t\t\t\t\t\t\t\t\t\t\t\t\t\t\t<\/div>\n\t\t\t\t<\/div>\n\t\t\t\t<\/div>\n\t\t\t\t\t<\/div>\n\t\t\t\t<\/div>\n\t\t<div class=\"elementor-element elementor-element-27f3935 e-flex e-con-boxed e-con e-parent\" data-id=\"27f3935\" data-element_type=\"container\" data-e-type=\"container\">\n\t\t\t\t\t<div class=\"e-con-inner\">\n\t\t<div class=\"elementor-element elementor-element-47c5e39 e-con-full e-flex e-con e-child\" data-id=\"47c5e39\" data-element_type=\"container\" data-e-type=\"container\">\n\t\t\t\t<div class=\"elementor-element elementor-element-a19d39e elementor-widget elementor-widget-image\" data-id=\"a19d39e\" data-element_type=\"widget\" data-e-type=\"widget\" data-widget_type=\"image.default\">\n\t\t\t\t<div class=\"elementor-widget-container\">\n\t\t\t\t\t\t\t\t\t\t\t\t\t\t\t<img decoding=\"async\" width=\"800\" height=\"584\" src=\"https:\/\/jurassique.ca\/wp-content\/uploads\/2024\/09\/IMG_0825-1024x748.jpg\" class=\"attachment-large size-large wp-image-200\" alt=\"\" srcset=\"https:\/\/jurassique.ca\/wp-content\/uploads\/2024\/09\/IMG_0825-1024x748.jpg 1024w, https:\/\/jurassique.ca\/wp-content\/uploads\/2024\/09\/IMG_0825-300x219.jpg 300w, https:\/\/jurassique.ca\/wp-content\/uploads\/2024\/09\/IMG_0825-768x561.jpg 768w, https:\/\/jurassique.ca\/wp-content\/uploads\/2024\/09\/IMG_0825-1536x1122.jpg 1536w, https:\/\/jurassique.ca\/wp-content\/uploads\/2024\/09\/IMG_0825-2048x1496.jpg 2048w, https:\/\/jurassique.ca\/wp-content\/uploads\/2024\/09\/IMG_0825-16x12.jpg 16w\" sizes=\"(max-width: 800px) 100vw, 800px\" \/>\t\t\t\t\t\t\t\t\t\t\t\t\t\t\t<\/div>\n\t\t\t\t<\/div>\n\t\t\t\t<\/div>\n\t\t<div class=\"elementor-element elementor-element-fd9ca13 e-con-full e-flex e-con e-child\" data-id=\"fd9ca13\" data-element_type=\"container\" data-e-type=\"container\">\n\t\t\t\t<div class=\"elementor-element elementor-element-f19bc91 elementor-widget elementor-widget-heading\" data-id=\"f19bc91\" data-element_type=\"widget\" data-e-type=\"widget\" data-widget_type=\"heading.default\">\n\t\t\t\t<div class=\"elementor-widget-container\">\n\t\t\t\t\t<h2 class=\"elementor-heading-title elementor-size-default\">Arcade<\/h2>\t\t\t\t<\/div>\n\t\t\t\t<\/div>\n\t\t\t\t<div class=\"elementor-element elementor-element-1b65d52 elementor-widget elementor-widget-text-editor\" data-id=\"1b65d52\" data-element_type=\"widget\" data-e-type=\"widget\" data-widget_type=\"text-editor.default\">\n\t\t\t\t<div class=\"elementor-widget-container\">\n\t\t\t\t\t\t\t\t\t<p>30+ arcade machines are in operation, waiting for you at Jurassique! We have an entire floor dedicated to fans of arcade games and redemption games, with a counter full of prizes to win!<\/p><p>Our current games:<\/p><ul><li>Air Hockey FX<\/li><li>Big Bass Wheel<\/li><li>Bigfoot Smash<\/li><li>Boxer Combo<\/li><li><span style=\"color: var( --e-global-color-text ); font-family: var( --e-global-typography-text-font-family ), Sans-serif; font-weight: var( --e-global-typography-text-font-weight ); text-align: var(--text-align); background-color: var( --e-global-color-primary );\">Candy Crane<\/span><\/li><li><span style=\"color: var( --e-global-color-text ); font-family: var( --e-global-typography-text-font-family ), Sans-serif; font-weight: var( --e-global-typography-text-font-weight ); text-align: var(--text-align); background-color: var( --e-global-color-primary );\">Dinosaur Era<\/span><\/li><li>Down the Clown<\/li><li>Duck Party (Machine de pince)<\/li><li>Extreme Shot (Basketball)<\/li><li>Grand Piano Keys<\/li><li>IceBall FX (Skeeball)<\/li><li>Lane Master Xtreme<\/li><li>Jurassic Park Arcade Shooter<\/li><li>Jurassic Park Pinball<\/li><li>Mario Kart GP DX<\/li><li><span style=\"color: var( --e-global-color-text ); font-family: var( --e-global-typography-text-font-family ), Sans-serif; font-weight: var( --e-global-typography-text-font-weight ); text-align: var(--text-align); background-color: var( --e-global-color-primary );\">Many claw machines<\/span><\/li><li>Nerf Arcade<\/li><li>Pop the Lock<\/li><li>Pump it Up Phoenix 2023\/2024<\/li><li>Rilix Coaster (VR)<\/li><li>Ring Toss (Coastal Amusements)<\/li><li><span style=\"color: var( --e-global-color-text ); font-family: var( --e-global-typography-text-font-family ), Sans-serif; font-weight: var( --e-global-typography-text-font-weight ); text-align: var(--text-align); background-color: var( --e-global-color-primary );\">Taj Mahal Crane Game (Ticket ring claw machine)<\/span><\/li><li>TicketMan<\/li><li>Ticket Dome<\/li><li>Tons of Tickets<\/li><li>Whack n Win<\/li><\/ul>\t\t\t\t\t\t\t\t<\/div>\n\t\t\t\t<\/div>\n\t\t\t\t<\/div>\n\t\t\t\t\t<\/div>\n\t\t\t\t<\/div>\n\t\t\t\t<\/div>","protected":false},"excerpt":{"rendered":"<p>Plus qu&rsquo;un centre de mini-golf&#8230; Mini-Golf Nous avons 18 trous de mini-golf \u00e0 l&rsquo;int\u00e9rieur de notre centre, sculpt\u00e9 comme un terrain r\u00e9el. Plusieurs obstacles, plantes, et caract\u00e9ristiques vallonn\u00e9es vous attend. Seras-tu le vainqueur de votre groupe? Ou votre score souffrira-t-il \u00e0 cause de distractions pr\u00e9historiques ? Jurassique est un des seuls centres de mini-golf int\u00e9rieur [&hellip;]<\/p>","protected":false},"author":1,"featured_media":0,"parent":0,"menu_order":0,"comment_status":"closed","ping_status":"closed","template":"","meta":{"footnotes":""},"class_list":["post-183","page","type-page","status-publish","hentry"],"yoast_head":"<!-- This site is optimized with the Yoast SEO plugin v26.6 - https:\/\/yoast.com\/wordpress\/plugins\/seo\/ -->\n<title>Activit\u00e9s - Jurassique Golf et Amusements<\/title>\n<meta name=\"robots\" content=\"index, follow, max-snippet:-1, max-image-preview:large, max-video-preview:-1\" \/>\n<link rel=\"canonical\" href=\"https:\/\/jurassique.ca\/en\/activites-2\/\" \/>\n<meta property=\"og:locale\" content=\"en_US\" \/>\n<meta property=\"og:type\" content=\"article\" \/>\n<meta property=\"og:title\" content=\"Activit\u00e9s - Jurassique Golf et Amusements\" \/>\n<meta property=\"og:description\" content=\"Plus qu&rsquo;un centre de mini-golf&#8230; Mini-Golf Nous avons 18 trous de mini-golf \u00e0 l&rsquo;int\u00e9rieur de notre centre, sculpt\u00e9 comme un terrain r\u00e9el. Plusieurs obstacles, plantes, et caract\u00e9ristiques vallonn\u00e9es vous attend. Seras-tu le vainqueur de votre groupe? Ou votre score souffrira-t-il \u00e0 cause de distractions pr\u00e9historiques ? Jurassique est un des seuls centres de mini-golf int\u00e9rieur [&hellip;]\" \/>\n<meta property=\"og:url\" content=\"https:\/\/jurassique.ca\/en\/activites-2\/\" \/>\n<meta property=\"og:site_name\" content=\"Jurassique Golf et Amusements\" \/>\n<meta property=\"article:publisher\" content=\"https:\/\/www.facebook.com\/jurassiquegolf\" \/>\n<meta property=\"article:modified_time\" content=\"2025-12-01T23:45:08+00:00\" \/>\n<meta property=\"og:image\" content=\"https:\/\/jurassique.ca\/wp-content\/uploads\/2024\/09\/IMG_0865-1024x768.jpg\" \/>\n<meta name=\"twitter:card\" content=\"summary_large_image\" \/>\n<meta name=\"twitter:label1\" content=\"Est. reading time\" \/>\n\t<meta name=\"twitter:data1\" content=\"1 minute\" \/>\n<script type=\"application\/ld+json\" class=\"yoast-schema-graph\">{\"@context\":\"https:\/\/schema.org\",\"@graph\":[{\"@type\":\"WebPage\",\"@id\":\"https:\/\/jurassique.ca\/activites-2\/\",\"url\":\"https:\/\/jurassique.ca\/activites-2\/\",\"name\":\"Activit\u00e9s - Jurassique Golf et Amusements\",\"isPartOf\":{\"@id\":\"https:\/\/jurassique.ca\/#website\"},\"primaryImageOfPage\":{\"@id\":\"https:\/\/jurassique.ca\/activites-2\/#primaryimage\"},\"image\":{\"@id\":\"https:\/\/jurassique.ca\/activites-2\/#primaryimage\"},\"thumbnailUrl\":\"https:\/\/jurassique.ca\/wp-content\/uploads\/2024\/09\/IMG_0865-1024x768.jpg\",\"datePublished\":\"2024-09-09T02:32:20+00:00\",\"dateModified\":\"2025-12-01T23:45:08+00:00\",\"breadcrumb\":{\"@id\":\"https:\/\/jurassique.ca\/activites-2\/#breadcrumb\"},\"inLanguage\":\"en-CA\",\"potentialAction\":[{\"@type\":\"ReadAction\",\"target\":[\"https:\/\/jurassique.ca\/activites-2\/\"]}]},{\"@type\":\"ImageObject\",\"inLanguage\":\"en-CA\",\"@id\":\"https:\/\/jurassique.ca\/activites-2\/#primaryimage\",\"url\":\"https:\/\/jurassique.ca\/wp-content\/uploads\/2024\/09\/IMG_0865-1024x768.jpg\",\"contentUrl\":\"https:\/\/jurassique.ca\/wp-content\/uploads\/2024\/09\/IMG_0865-1024x768.jpg\"},{\"@type\":\"BreadcrumbList\",\"@id\":\"https:\/\/jurassique.ca\/activites-2\/#breadcrumb\",\"itemListElement\":[{\"@type\":\"ListItem\",\"position\":1,\"name\":\"Home\",\"item\":\"https:\/\/jurassique.ca\/\"},{\"@type\":\"ListItem\",\"position\":2,\"name\":\"Activit\u00e9s\"}]},{\"@type\":\"WebSite\",\"@id\":\"https:\/\/jurassique.ca\/#website\",\"url\":\"https:\/\/jurassique.ca\/\",\"name\":\"Jurassique Golf et Amusements\",\"description\":\"Plus qu\u2019un mini golf!\",\"publisher\":{\"@id\":\"https:\/\/jurassique.ca\/#organization\"},\"potentialAction\":[{\"@type\":\"SearchAction\",\"target\":{\"@type\":\"EntryPoint\",\"urlTemplate\":\"https:\/\/jurassique.ca\/?s={search_term_string}\"},\"query-input\":{\"@type\":\"PropertyValueSpecification\",\"valueRequired\":true,\"valueName\":\"search_term_string\"}}],\"inLanguage\":\"en-CA\"},{\"@type\":\"Organization\",\"@id\":\"https:\/\/jurassique.ca\/#organization\",\"name\":\"Jurassique Golf et Amusements\",\"url\":\"https:\/\/jurassique.ca\/\",\"logo\":{\"@type\":\"ImageObject\",\"inLanguage\":\"en-CA\",\"@id\":\"https:\/\/jurassique.ca\/#\/schema\/logo\/image\/\",\"url\":\"https:\/\/jurassique.ca\/wp-content\/uploads\/2024\/09\/cropped-transparent-jur-small.png\",\"contentUrl\":\"https:\/\/jurassique.ca\/wp-content\/uploads\/2024\/09\/cropped-transparent-jur-small.png\",\"width\":512,\"height\":512,\"caption\":\"Jurassique Golf et Amusements\"},\"image\":{\"@id\":\"https:\/\/jurassique.ca\/#\/schema\/logo\/image\/\"},\"sameAs\":[\"https:\/\/www.facebook.com\/jurassiquegolf\",\"https:\/\/www.instagram.com\/jurassiquegolf\",\"https:\/\/www.tiktok.com\/@jurassiquegolf\/\"]}]}<\/script>\n<!-- \/ Yoast SEO plugin. -->","yoast_head_json":{"title":"Activit\u00e9s - Jurassique Golf et Amusements","robots":{"index":"index","follow":"follow","max-snippet":"max-snippet:-1","max-image-preview":"max-image-preview:large","max-video-preview":"max-video-preview:-1"},"canonical":"https:\/\/jurassique.ca\/en\/activites-2\/","og_locale":"en_US","og_type":"article","og_title":"Activit\u00e9s - Jurassique Golf et Amusements","og_description":"Plus qu&rsquo;un centre de mini-golf&#8230; Mini-Golf Nous avons 18 trous de mini-golf \u00e0 l&rsquo;int\u00e9rieur de notre centre, sculpt\u00e9 comme un terrain r\u00e9el. Plusieurs obstacles, plantes, et caract\u00e9ristiques vallonn\u00e9es vous attend. Seras-tu le vainqueur de votre groupe? Ou votre score souffrira-t-il \u00e0 cause de distractions pr\u00e9historiques ? Jurassique est un des seuls centres de mini-golf int\u00e9rieur [&hellip;]","og_url":"https:\/\/jurassique.ca\/en\/activites-2\/","og_site_name":"Jurassique Golf et Amusements","article_publisher":"https:\/\/www.facebook.com\/jurassiquegolf","article_modified_time":"2025-12-01T23:45:08+00:00","og_image":[{"url":"https:\/\/jurassique.ca\/wp-content\/uploads\/2024\/09\/IMG_0865-1024x768.jpg","type":"","width":"","height":""}],"twitter_card":"summary_large_image","twitter_misc":{"Est. reading time":"1 minute"},"schema":{"@context":"https:\/\/schema.org","@graph":[{"@type":"WebPage","@id":"https:\/\/jurassique.ca\/activites-2\/","url":"https:\/\/jurassique.ca\/activites-2\/","name":"Activit\u00e9s - Jurassique Golf et Amusements","isPartOf":{"@id":"https:\/\/jurassique.ca\/#website"},"primaryImageOfPage":{"@id":"https:\/\/jurassique.ca\/activites-2\/#primaryimage"},"image":{"@id":"https:\/\/jurassique.ca\/activites-2\/#primaryimage"},"thumbnailUrl":"https:\/\/jurassique.ca\/wp-content\/uploads\/2024\/09\/IMG_0865-1024x768.jpg","datePublished":"2024-09-09T02:32:20+00:00","dateModified":"2025-12-01T23:45:08+00:00","breadcrumb":{"@id":"https:\/\/jurassique.ca\/activites-2\/#breadcrumb"},"inLanguage":"en-CA","potentialAction":[{"@type":"ReadAction","target":["https:\/\/jurassique.ca\/activites-2\/"]}]},{"@type":"ImageObject","inLanguage":"en-CA","@id":"https:\/\/jurassique.ca\/activites-2\/#primaryimage","url":"https:\/\/jurassique.ca\/wp-content\/uploads\/2024\/09\/IMG_0865-1024x768.jpg","contentUrl":"https:\/\/jurassique.ca\/wp-content\/uploads\/2024\/09\/IMG_0865-1024x768.jpg"},{"@type":"BreadcrumbList","@id":"https:\/\/jurassique.ca\/activites-2\/#breadcrumb","itemListElement":[{"@type":"ListItem","position":1,"name":"Home","item":"https:\/\/jurassique.ca\/"},{"@type":"ListItem","position":2,"name":"Activit\u00e9s"}]},{"@type":"WebSite","@id":"https:\/\/jurassique.ca\/#website","url":"https:\/\/jurassique.ca\/","name":"Jurassique Golf et Amusements","description":"Plus qu\u2019un mini golf!","publisher":{"@id":"https:\/\/jurassique.ca\/#organization"},"potentialAction":[{"@type":"SearchAction","target":{"@type":"EntryPoint","urlTemplate":"https:\/\/jurassique.ca\/?s={search_term_string}"},"query-input":{"@type":"PropertyValueSpecification","valueRequired":true,"valueName":"search_term_string"}}],"inLanguage":"en-CA"},{"@type":"Organization","@id":"https:\/\/jurassique.ca\/#organization","name":"Jurassique Golf et Amusements","url":"https:\/\/jurassique.ca\/","logo":{"@type":"ImageObject","inLanguage":"en-CA","@id":"https:\/\/jurassique.ca\/#\/schema\/logo\/image\/","url":"https:\/\/jurassique.ca\/wp-content\/uploads\/2024\/09\/cropped-transparent-jur-small.png","contentUrl":"https:\/\/jurassique.ca\/wp-content\/uploads\/2024\/09\/cropped-transparent-jur-small.png","width":512,"height":512,"caption":"Jurassique Golf et Amusements"},"image":{"@id":"https:\/\/jurassique.ca\/#\/schema\/logo\/image\/"},"sameAs":["https:\/\/www.facebook.com\/jurassiquegolf","https:\/\/www.instagram.com\/jurassiquegolf","https:\/\/www.tiktok.com\/@jurassiquegolf\/"]}]}},"_links":{"self":[{"href":"https:\/\/jurassique.ca\/en\/wp-json\/wp\/v2\/pages\/183","targetHints":{"allow":["GET"]}}],"collection":[{"href":"https:\/\/jurassique.ca\/en\/wp-json\/wp\/v2\/pages"}],"about":[{"href":"https:\/\/jurassique.ca\/en\/wp-json\/wp\/v2\/types\/page"}],"author":[{"embeddable":true,"href":"https:\/\/jurassique.ca\/en\/wp-json\/wp\/v2\/users\/1"}],"replies":[{"embeddable":true,"href":"https:\/\/jurassique.ca\/en\/wp-json\/wp\/v2\/comments?post=183"}],"version-history":[{"count":25,"href":"https:\/\/jurassique.ca\/en\/wp-json\/wp\/v2\/pages\/183\/revisions"}],"predecessor-version":[{"id":854,"href":"https:\/\/jurassique.ca\/en\/wp-json\/wp\/v2\/pages\/183\/revisions\/854"}],"wp:attachment":[{"href":"https:\/\/jurassique.ca\/en\/wp-json\/wp\/v2\/media?parent=183"}],"curies":[{"name":"wp","href":"https:\/\/api.w.org\/{rel}","templated":true}]}}