{"id":63,"date":"2024-08-07T02:10:10","date_gmt":"2024-08-07T02:10:10","guid":{"rendered":"https:\/\/jurassique.ca\/?page_id=63"},"modified":"2026-04-07T20:03:50","modified_gmt":"2026-04-07T20:03:50","slug":"a-propos-contact","status":"publish","type":"page","link":"https:\/\/jurassique.ca\/en\/a-propos-contact\/","title":{"rendered":"About \/ Contact"},"content":{"rendered":"<div data-elementor-type=\"wp-page\" data-elementor-id=\"63\" class=\"elementor elementor-63\" data-elementor-post-type=\"page\">\n\t\t\t\t<div class=\"elementor-element elementor-element-6bb3375 e-flex e-con-boxed e-con e-parent\" data-id=\"6bb3375\" data-element_type=\"container\" data-e-type=\"container\">\n\t\t\t\t\t<div class=\"e-con-inner\">\n\t\t<div class=\"elementor-element elementor-element-33a5daf e-con-full e-flex e-con e-child\" data-id=\"33a5daf\" data-element_type=\"container\" data-e-type=\"container\">\n\t\t\t\t<div class=\"elementor-element elementor-element-d879cb8 elementor-widget elementor-widget-heading\" data-id=\"d879cb8\" data-element_type=\"widget\" data-e-type=\"widget\" data-widget_type=\"heading.default\">\n\t\t\t\t<div class=\"elementor-widget-container\">\n\t\t\t\t\t<h1 class=\"elementor-heading-title elementor-size-default\">Hours of Operation<\/h1>\t\t\t\t<\/div>\n\t\t\t\t<\/div>\n\t\t\t\t<div class=\"elementor-element elementor-element-742791e elementor-widget elementor-widget-text-editor\" data-id=\"742791e\" data-element_type=\"widget\" data-e-type=\"widget\" data-widget_type=\"text-editor.default\">\n\t\t\t\t<div class=\"elementor-widget-container\">\n\t\t\t\t\t\t\t\t\t<p><u>Journ\u00e9es exceptionelles<\/u><\/p><p>Lun, 18 mai &#8211; 10h-19h<\/p><p><u>Horaire r\u00e9gulier<\/u><\/p><p>Monday - Closed<\/p><p>Tuesday - Closed<\/p><p>Mercredi &#8211; 14h-20h<\/p><p>Jeudi &#8211; 14h-21h<\/p><p>Vendredi &#8211; 14h-21h<\/p><p>Samedi &#8211; 10h-21h<\/p><p>Sunday - 10:00am-7:00pm<\/p>\t\t\t\t\t\t\t\t<\/div>\n\t\t\t\t<\/div>\n\t\t\t\t<\/div>\n\t\t<div class=\"elementor-element elementor-element-4941626 e-con-full e-flex e-con e-child\" data-id=\"4941626\" data-element_type=\"container\" data-e-type=\"container\">\n\t\t\t\t<div class=\"elementor-element elementor-element-3d3b389 elementor-widget elementor-widget-heading\" data-id=\"3d3b389\" data-element_type=\"widget\" data-e-type=\"widget\" data-widget_type=\"heading.default\">\n\t\t\t\t<div class=\"elementor-widget-container\">\n\t\t\t\t\t<h1 class=\"elementor-heading-title elementor-size-default\">Contact Us<\/h1>\t\t\t\t<\/div>\n\t\t\t\t<\/div>\n\t\t\t\t<div class=\"elementor-element elementor-element-ae13cc0 elementor-widget elementor-widget-text-editor\" data-id=\"ae13cc0\" data-element_type=\"widget\" data-e-type=\"widget\" data-widget_type=\"text-editor.default\">\n\t\t\t\t<div class=\"elementor-widget-container\">\n\t\t\t\t\t\t\t\t\t<p>Jurassique Golf et Amusements<\/p><p>6633B Boulevard Taschereau<\/p><p>Brossard, QC J4Z 1A7<\/p><p>info@jurassique.ca<\/p><p>450-462-9754<\/p>\t\t\t\t\t\t\t\t<\/div>\n\t\t\t\t<\/div>\n\t\t\t\t<\/div>\n\t\t<div class=\"elementor-element elementor-element-29ecc0b e-con-full e-flex e-con e-child\" data-id=\"29ecc0b\" data-element_type=\"container\" data-e-type=\"container\">\n\t\t\t\t<div class=\"elementor-element elementor-element-af953e6 elementor-widget elementor-widget-heading\" data-id=\"af953e6\" data-element_type=\"widget\" data-e-type=\"widget\" data-widget_type=\"heading.default\">\n\t\t\t\t<div class=\"elementor-widget-container\">\n\t\t\t\t\t<h1 class=\"elementor-heading-title elementor-size-default\">About Jurassique<\/h1>\t\t\t\t<\/div>\n\t\t\t\t<\/div>\n\t\t\t\t<div class=\"elementor-element elementor-element-b55d9c2 elementor-widget elementor-widget-text-editor\" data-id=\"b55d9c2\" data-element_type=\"widget\" data-e-type=\"widget\" data-widget_type=\"text-editor.default\">\n\t\t\t\t<div class=\"elementor-widget-container\">\n\t\t\t\t\t\t\t\t\t<p>Jurassique Golf et Amusements est un centre de divertissement familial situ\u00e9 \u00e0 Brossard, QC sur la Rive-Sud de Montr\u00e9al, offrant un parcours de mini-golf int\u00e9rieur de 18 trous sur le th\u00e8me des dinosaures avec plus de 20 dinosaures animatroniques, une immense ambiance de jungle, ainsi qu&rsquo;une salle d&rsquo;arcade compl\u00e8te avec des jeux de r\u00e9demption de billets et des jeux \u00e0 prix. Nous avons \u00e9galement deux salles de f\u00eate pour accueillir les f\u00eates d&rsquo;anniversaire pour enfants, les \u00e9v\u00e9nements d&rsquo;entreprise, ou toute autre c\u00e9l\u00e9bration ou \u00e9v\u00e9nement que vous souhaitez organiser chez nous.<\/p>\n<p>Opened in 2024, our team has worked hard to provide the Greater Montreal Area with something in the family entertainment space that they simply have never seen before, and what few could ever dream of! Upon entering, you will be immediately transported to a luscious jungle environment, where explorers have happened upon an untouched landscape that is somehow still inhabited by dinosaurs. And not just any dinosaurs - you need take a look at these ones...<\/p>\n<p>T-Rexes, Carnotaurus, Stegosaurus, Styracosaurus, Ankylosaurus... and maybe even a pack of Raptors?! And they're... moving?! These definitely aren't the fossils you'll encounter in museums, as Jurassique has strived to bring dinosaurs to life for our guests. Not statues. Not digital projections. But actually moving and (almost seemingly) \"breathing\" dinosaurs!<\/p>\n<p>Our dinosaurs are not the only attraction, as we sought to build out a seamless landscape of 18-hole mini-golf, with obstacles, curves, and challenges abound. Test your skills against your family and friends to see who will come out as the victor of this awe-inspiring mini-golf course. But beware, as there may be dinosaurs out to wreck your score, or worse, find their lunch. And I don't think they're looking for golf balls to munch on...<\/p>\n<p>After a round of mini-golf, stop by our full arcade, decked out with the latest and greatest in skill-based redemption games, along with claw machines, UFO claw machines, racing games, pinball, shooter games, and sports games. And don't worry - we have any dinosaur-themed game you can think of.<\/p>\n<p>Jurassique is family-owned and operated, and proud to be a Qu\u00e9b\u00e9cois-owned business. We look forward to hosting you in pre-historic times soon!<\/p>\t\t\t\t\t\t\t\t<\/div>\n\t\t\t\t<\/div>\n\t\t\t\t<\/div>\n\t\t\t\t\t<\/div>\n\t\t\t\t<\/div>\n\t\t\t\t<\/div>","protected":false},"excerpt":{"rendered":"<p>Heures d&rsquo;ouverture Journ\u00e9es exceptionelles Lun, 18 mai &#8211; 10h-19h Horaire r\u00e9gulier Lundi &#8211; Ferm\u00e9 Mardi &#8211; Ferm\u00e9 Mercredi &#8211; 14h-20h Jeudi &#8211; 14h-21h Vendredi &#8211; 14h-21h Samedi &#8211; 10h-21h Dimanche &#8211; 10h-19h Contactez-nous Jurassique Golf et Amusements 6633B Boulevard Taschereau Brossard, QC J4Z 1A7 info@jurassique.ca 450-462-9754 \u00c0 Propos de Jurassique Jurassique Golf et Amusements est [&hellip;]<\/p>","protected":false},"author":1,"featured_media":0,"parent":0,"menu_order":0,"comment_status":"closed","ping_status":"closed","template":"","meta":{"footnotes":""},"class_list":["post-63","page","type-page","status-publish","hentry"],"yoast_head":"<!-- This site is optimized with the Yoast SEO plugin v26.6 - https:\/\/yoast.com\/wordpress\/plugins\/seo\/ -->\n<title>\u00c0 Propos \/ Contact - Jurassique Golf et Amusements<\/title>\n<meta name=\"robots\" content=\"index, follow, max-snippet:-1, max-image-preview:large, max-video-preview:-1\" \/>\n<link rel=\"canonical\" href=\"https:\/\/jurassique.ca\/en\/a-propos-contact\/\" \/>\n<meta property=\"og:locale\" content=\"en_US\" \/>\n<meta property=\"og:type\" content=\"article\" \/>\n<meta property=\"og:title\" content=\"\u00c0 Propos \/ Contact - Jurassique Golf et Amusements\" \/>\n<meta property=\"og:description\" content=\"Heures d&rsquo;ouverture Journ\u00e9es exceptionelles Lun, 18 mai &#8211; 10h-19h Horaire r\u00e9gulier Lundi &#8211; Ferm\u00e9 Mardi &#8211; Ferm\u00e9 Mercredi &#8211; 14h-20h Jeudi &#8211; 14h-21h Vendredi &#8211; 14h-21h Samedi &#8211; 10h-21h Dimanche &#8211; 10h-19h Contactez-nous Jurassique Golf et Amusements 6633B Boulevard Taschereau Brossard, QC J4Z 1A7 info@jurassique.ca 450-462-9754 \u00c0 Propos de Jurassique Jurassique Golf et Amusements est [&hellip;]\" \/>\n<meta property=\"og:url\" content=\"https:\/\/jurassique.ca\/en\/a-propos-contact\/\" \/>\n<meta property=\"og:site_name\" content=\"Jurassique Golf et Amusements\" \/>\n<meta property=\"article:publisher\" content=\"https:\/\/www.facebook.com\/jurassiquegolf\" \/>\n<meta property=\"article:modified_time\" content=\"2026-04-07T20:03:50+00:00\" \/>\n<meta name=\"twitter:card\" content=\"summary_large_image\" \/>\n<meta name=\"twitter:label1\" content=\"Est. reading time\" \/>\n\t<meta name=\"twitter:data1\" content=\"2 minutes\" \/>\n<script type=\"application\/ld+json\" class=\"yoast-schema-graph\">{\"@context\":\"https:\/\/schema.org\",\"@graph\":[{\"@type\":\"WebPage\",\"@id\":\"https:\/\/jurassique.ca\/a-propos-contact\/\",\"url\":\"https:\/\/jurassique.ca\/a-propos-contact\/\",\"name\":\"\u00c0 Propos \/ Contact - Jurassique Golf et Amusements\",\"isPartOf\":{\"@id\":\"https:\/\/jurassique.ca\/#website\"},\"datePublished\":\"2024-08-07T02:10:10+00:00\",\"dateModified\":\"2026-04-07T20:03:50+00:00\",\"breadcrumb\":{\"@id\":\"https:\/\/jurassique.ca\/a-propos-contact\/#breadcrumb\"},\"inLanguage\":\"en-CA\",\"potentialAction\":[{\"@type\":\"ReadAction\",\"target\":[\"https:\/\/jurassique.ca\/a-propos-contact\/\"]}]},{\"@type\":\"BreadcrumbList\",\"@id\":\"https:\/\/jurassique.ca\/a-propos-contact\/#breadcrumb\",\"itemListElement\":[{\"@type\":\"ListItem\",\"position\":1,\"name\":\"Home\",\"item\":\"https:\/\/jurassique.ca\/\"},{\"@type\":\"ListItem\",\"position\":2,\"name\":\"\u00c0 Propos \/ Contact\"}]},{\"@type\":\"WebSite\",\"@id\":\"https:\/\/jurassique.ca\/#website\",\"url\":\"https:\/\/jurassique.ca\/\",\"name\":\"Jurassique Golf et Amusements\",\"description\":\"Plus qu\u2019un mini golf!\",\"publisher\":{\"@id\":\"https:\/\/jurassique.ca\/#organization\"},\"potentialAction\":[{\"@type\":\"SearchAction\",\"target\":{\"@type\":\"EntryPoint\",\"urlTemplate\":\"https:\/\/jurassique.ca\/?s={search_term_string}\"},\"query-input\":{\"@type\":\"PropertyValueSpecification\",\"valueRequired\":true,\"valueName\":\"search_term_string\"}}],\"inLanguage\":\"en-CA\"},{\"@type\":\"Organization\",\"@id\":\"https:\/\/jurassique.ca\/#organization\",\"name\":\"Jurassique Golf et Amusements\",\"url\":\"https:\/\/jurassique.ca\/\",\"logo\":{\"@type\":\"ImageObject\",\"inLanguage\":\"en-CA\",\"@id\":\"https:\/\/jurassique.ca\/#\/schema\/logo\/image\/\",\"url\":\"https:\/\/jurassique.ca\/wp-content\/uploads\/2024\/09\/cropped-transparent-jur-small.png\",\"contentUrl\":\"https:\/\/jurassique.ca\/wp-content\/uploads\/2024\/09\/cropped-transparent-jur-small.png\",\"width\":512,\"height\":512,\"caption\":\"Jurassique Golf et Amusements\"},\"image\":{\"@id\":\"https:\/\/jurassique.ca\/#\/schema\/logo\/image\/\"},\"sameAs\":[\"https:\/\/www.facebook.com\/jurassiquegolf\",\"https:\/\/www.instagram.com\/jurassiquegolf\",\"https:\/\/www.tiktok.com\/@jurassiquegolf\/\"]}]}<\/script>\n<!-- \/ Yoast SEO plugin. -->","yoast_head_json":{"title":"\u00c0 Propos \/ Contact - Jurassique Golf et Amusements","robots":{"index":"index","follow":"follow","max-snippet":"max-snippet:-1","max-image-preview":"max-image-preview:large","max-video-preview":"max-video-preview:-1"},"canonical":"https:\/\/jurassique.ca\/en\/a-propos-contact\/","og_locale":"en_US","og_type":"article","og_title":"\u00c0 Propos \/ Contact - Jurassique Golf et Amusements","og_description":"Heures d&rsquo;ouverture Journ\u00e9es exceptionelles Lun, 18 mai &#8211; 10h-19h Horaire r\u00e9gulier Lundi &#8211; Ferm\u00e9 Mardi &#8211; Ferm\u00e9 Mercredi &#8211; 14h-20h Jeudi &#8211; 14h-21h Vendredi &#8211; 14h-21h Samedi &#8211; 10h-21h Dimanche &#8211; 10h-19h Contactez-nous Jurassique Golf et Amusements 6633B Boulevard Taschereau Brossard, QC J4Z 1A7 info@jurassique.ca 450-462-9754 \u00c0 Propos de Jurassique Jurassique Golf et Amusements est [&hellip;]","og_url":"https:\/\/jurassique.ca\/en\/a-propos-contact\/","og_site_name":"Jurassique Golf et Amusements","article_publisher":"https:\/\/www.facebook.com\/jurassiquegolf","article_modified_time":"2026-04-07T20:03:50+00:00","twitter_card":"summary_large_image","twitter_misc":{"Est. reading time":"2 minutes"},"schema":{"@context":"https:\/\/schema.org","@graph":[{"@type":"WebPage","@id":"https:\/\/jurassique.ca\/a-propos-contact\/","url":"https:\/\/jurassique.ca\/a-propos-contact\/","name":"\u00c0 Propos \/ Contact - Jurassique Golf et Amusements","isPartOf":{"@id":"https:\/\/jurassique.ca\/#website"},"datePublished":"2024-08-07T02:10:10+00:00","dateModified":"2026-04-07T20:03:50+00:00","breadcrumb":{"@id":"https:\/\/jurassique.ca\/a-propos-contact\/#breadcrumb"},"inLanguage":"en-CA","potentialAction":[{"@type":"ReadAction","target":["https:\/\/jurassique.ca\/a-propos-contact\/"]}]},{"@type":"BreadcrumbList","@id":"https:\/\/jurassique.ca\/a-propos-contact\/#breadcrumb","itemListElement":[{"@type":"ListItem","position":1,"name":"Home","item":"https:\/\/jurassique.ca\/"},{"@type":"ListItem","position":2,"name":"\u00c0 Propos \/ Contact"}]},{"@type":"WebSite","@id":"https:\/\/jurassique.ca\/#website","url":"https:\/\/jurassique.ca\/","name":"Jurassique Golf et Amusements","description":"Plus qu\u2019un mini golf!","publisher":{"@id":"https:\/\/jurassique.ca\/#organization"},"potentialAction":[{"@type":"SearchAction","target":{"@type":"EntryPoint","urlTemplate":"https:\/\/jurassique.ca\/?s={search_term_string}"},"query-input":{"@type":"PropertyValueSpecification","valueRequired":true,"valueName":"search_term_string"}}],"inLanguage":"en-CA"},{"@type":"Organization","@id":"https:\/\/jurassique.ca\/#organization","name":"Jurassique Golf et Amusements","url":"https:\/\/jurassique.ca\/","logo":{"@type":"ImageObject","inLanguage":"en-CA","@id":"https:\/\/jurassique.ca\/#\/schema\/logo\/image\/","url":"https:\/\/jurassique.ca\/wp-content\/uploads\/2024\/09\/cropped-transparent-jur-small.png","contentUrl":"https:\/\/jurassique.ca\/wp-content\/uploads\/2024\/09\/cropped-transparent-jur-small.png","width":512,"height":512,"caption":"Jurassique Golf et Amusements"},"image":{"@id":"https:\/\/jurassique.ca\/#\/schema\/logo\/image\/"},"sameAs":["https:\/\/www.facebook.com\/jurassiquegolf","https:\/\/www.instagram.com\/jurassiquegolf","https:\/\/www.tiktok.com\/@jurassiquegolf\/"]}]}},"_links":{"self":[{"href":"https:\/\/jurassique.ca\/en\/wp-json\/wp\/v2\/pages\/63","targetHints":{"allow":["GET"]}}],"collection":[{"href":"https:\/\/jurassique.ca\/en\/wp-json\/wp\/v2\/pages"}],"about":[{"href":"https:\/\/jurassique.ca\/en\/wp-json\/wp\/v2\/types\/page"}],"author":[{"embeddable":true,"href":"https:\/\/jurassique.ca\/en\/wp-json\/wp\/v2\/users\/1"}],"replies":[{"embeddable":true,"href":"https:\/\/jurassique.ca\/en\/wp-json\/wp\/v2\/comments?post=63"}],"version-history":[{"count":25,"href":"https:\/\/jurassique.ca\/en\/wp-json\/wp\/v2\/pages\/63\/revisions"}],"predecessor-version":[{"id":1046,"href":"https:\/\/jurassique.ca\/en\/wp-json\/wp\/v2\/pages\/63\/revisions\/1046"}],"wp:attachment":[{"href":"https:\/\/jurassique.ca\/en\/wp-json\/wp\/v2\/media?parent=63"}],"curies":[{"name":"wp","href":"https:\/\/api.w.org\/{rel}","templated":true}]}}