{"id":761,"date":"2025-09-18T21:06:35","date_gmt":"2025-09-18T21:06:35","guid":{"rendered":"https:\/\/jurassique.ca\/?page_id=761"},"modified":"2026-03-05T19:23:25","modified_gmt":"2026-03-05T19:23:25","slug":"modalites-paiement","status":"publish","type":"page","link":"https:\/\/jurassique.ca\/en\/modalites-paiement\/","title":{"rendered":"Modalit\u00e9s paiement"},"content":{"rendered":"<div data-elementor-type=\"wp-page\" data-elementor-id=\"761\" class=\"elementor elementor-761\" data-elementor-post-type=\"page\">\n\t\t\t\t<div class=\"elementor-element elementor-element-4b4d886 e-flex e-con-boxed e-con e-parent\" data-id=\"4b4d886\" data-element_type=\"container\" data-e-type=\"container\">\n\t\t\t\t\t<div class=\"e-con-inner\">\n\t\t\t\t<div class=\"elementor-element elementor-element-a0cff83 elementor-widget elementor-widget-text-editor\" data-id=\"a0cff83\" data-element_type=\"widget\" data-e-type=\"widget\" data-widget_type=\"text-editor.default\">\n\t\t\t\t<div class=\"elementor-widget-container\">\n\t\t\t\t\t\t\t\t\t<p><span style=\"color: #00ff00;\"><em><strong>What are the payment terms for group reservations and birthday parties?<\/strong><\/em><\/span><\/p><ul><li><p>All payments will be completed via our secure online payment system. A payment link will be sent to you by email. No payment is accepted over the phone or in-person for these types of reservations. If you absolutely need to use a different payment method, please contact us and we will find a solution for you.<\/p><\/li><li><p>If your reservation is taking place in 14 days or more, a\u00a0<strong>50% deposit<\/strong>\u00a0of the total cost is required to be made via our online payment system. We will send a payment link to your email. The balance must be paid at least\u00a0<strong>48 hours before the start of your reservation.<\/strong>We will send you a 2nd payment link at least 48 hours before your reservation in order to complete this payment.\u00a0<\/p><\/li><li><p>If your reservation is taking place in\u00a0<strong>13 days or less,<\/strong>a\u00a0<strong>full payment<\/strong>\u00a0is required. We will send you a payment link by email.<\/p><\/li><li><p>Your mini-golf tickets are\u00a0<strong>100% refundable up to 48 hours before the start of your reservation<\/strong>.<\/p><\/li><li><p>Due to limited availability of our reception rooms, their rental fees are\u00a0<strong>non-refundable<\/strong>.<\/p><\/li><li><p>For technical reasons, arcade cards are\u00a0<strong>non-refundable<\/strong>We recommend adding these only at the\u00a0<strong>48 hour mark before your reservation<\/strong>\u00a0if you are uncertain of the total number of guests.<\/p><\/li><li><p>All modifications of your reservation with regards to your total number of guests must be done\u00a0<strong>at least 48 hours before your mini-golf start time.<\/strong>These fees will be reimbursed \/ the total will be adjusted if we are given at least 48 hours notice before your reservation start time.<\/p><\/li><li><p>In the case of day-of absences, or changes are asked for after the 48 hour mark,\u00a0<strong>no reimbursement will be processed for these tickets<\/strong>.<\/p><\/li><li><p>Jurassique cannot guarantee the availability of extra tickets for guests that are not included in your reservation.<\/p><\/li><li><p>Please note that we do not split payments amongst your individual guests, nor can we hold your reservation without payment and have your guests individually pay for their tickets upon arrival. This means that you alone, as the party or group organizer, must pay the deposit and\/or total of your reservation, and assume the responsibility of collecting payment from your guests on your own terms (if you so choose).<\/p><\/li><li><p>Group discounts are not applicable to reservations that are made by the guest themselves, instead of contacting <a href=\"mailto:info@jurassique.ca\">info@jurassique.ca<\/a> for assistance. Please contact us, and we will always assure that you get the best price possible.<\/p><\/li><\/ul>\t\t\t\t\t\t\t\t<\/div>\n\t\t\t\t<\/div>\n\t\t\t\t<div class=\"elementor-element elementor-element-479cdda elementor-widget elementor-widget-heading\" data-id=\"479cdda\" data-element_type=\"widget\" data-e-type=\"widget\" data-widget_type=\"heading.default\">\n\t\t\t\t<div class=\"elementor-widget-container\">\n\t\t\t\t\t<h2 class=\"elementor-heading-title elementor-size-default\">PHOTOS DE NOS SALLES DE R\u00c9CEPTION<\/h2>\t\t\t\t<\/div>\n\t\t\t\t<\/div>\n\t\t\t\t\t<\/div>\n\t\t\t\t<\/div>\n\t\t<div class=\"elementor-element elementor-element-715855b e-grid e-con-boxed e-con e-parent\" data-id=\"715855b\" data-element_type=\"container\" data-e-type=\"container\">\n\t\t\t\t\t<div class=\"e-con-inner\">\n\t\t\t\t<div class=\"elementor-element elementor-element-077be5a elementor-widget elementor-widget-image\" data-id=\"077be5a\" data-element_type=\"widget\" data-e-type=\"widget\" data-widget_type=\"image.default\">\n\t\t\t\t<div class=\"elementor-widget-container\">\n\t\t\t\t\t\t\t\t\t\t\t\t\t\t\t<img fetchpriority=\"high\" decoding=\"async\" width=\"768\" height=\"1024\" src=\"https:\/\/jurassique.ca\/wp-content\/uploads\/2026\/03\/IMG_5327-768x1024.jpeg\" class=\"attachment-large size-large wp-image-977\" alt=\"\" srcset=\"https:\/\/jurassique.ca\/wp-content\/uploads\/2026\/03\/IMG_5327-768x1024.jpeg 768w, https:\/\/jurassique.ca\/wp-content\/uploads\/2026\/03\/IMG_5327-225x300.jpeg 225w, https:\/\/jurassique.ca\/wp-content\/uploads\/2026\/03\/IMG_5327-1152x1536.jpeg 1152w, https:\/\/jurassique.ca\/wp-content\/uploads\/2026\/03\/IMG_5327-1536x2048.jpeg 1536w, https:\/\/jurassique.ca\/wp-content\/uploads\/2026\/03\/IMG_5327-9x12.jpeg 9w, https:\/\/jurassique.ca\/wp-content\/uploads\/2026\/03\/IMG_5327-scaled.jpeg 1920w\" sizes=\"(max-width: 768px) 100vw, 768px\" \/>\t\t\t\t\t\t\t\t\t\t\t\t\t\t\t<\/div>\n\t\t\t\t<\/div>\n\t\t\t\t<div class=\"elementor-element elementor-element-8bb711e elementor-widget elementor-widget-image\" data-id=\"8bb711e\" data-element_type=\"widget\" data-e-type=\"widget\" data-widget_type=\"image.default\">\n\t\t\t\t<div class=\"elementor-widget-container\">\n\t\t\t\t\t\t\t\t\t\t\t\t\t\t\t<img decoding=\"async\" width=\"768\" height=\"1024\" src=\"https:\/\/jurassique.ca\/wp-content\/uploads\/2026\/03\/IMG_5326-768x1024.jpeg\" class=\"attachment-large size-large wp-image-980\" alt=\"\" srcset=\"https:\/\/jurassique.ca\/wp-content\/uploads\/2026\/03\/IMG_5326-768x1024.jpeg 768w, https:\/\/jurassique.ca\/wp-content\/uploads\/2026\/03\/IMG_5326-225x300.jpeg 225w, https:\/\/jurassique.ca\/wp-content\/uploads\/2026\/03\/IMG_5326-1152x1536.jpeg 1152w, https:\/\/jurassique.ca\/wp-content\/uploads\/2026\/03\/IMG_5326-1536x2048.jpeg 1536w, https:\/\/jurassique.ca\/wp-content\/uploads\/2026\/03\/IMG_5326-9x12.jpeg 9w, https:\/\/jurassique.ca\/wp-content\/uploads\/2026\/03\/IMG_5326-scaled.jpeg 1920w\" sizes=\"(max-width: 768px) 100vw, 768px\" \/>\t\t\t\t\t\t\t\t\t\t\t\t\t\t\t<\/div>\n\t\t\t\t<\/div>\n\t\t\t\t<div class=\"elementor-element elementor-element-5b03718 elementor-widget elementor-widget-image\" data-id=\"5b03718\" data-element_type=\"widget\" data-e-type=\"widget\" data-widget_type=\"image.default\">\n\t\t\t\t<div class=\"elementor-widget-container\">\n\t\t\t\t\t\t\t\t\t\t\t\t\t\t\t<img decoding=\"async\" width=\"800\" height=\"600\" src=\"https:\/\/jurassique.ca\/wp-content\/uploads\/2026\/03\/78104354602__B30F6E8D-7830-4FBE-8971-252C10409BA2-1024x768.jpeg\" class=\"attachment-large size-large wp-image-978\" alt=\"\" srcset=\"https:\/\/jurassique.ca\/wp-content\/uploads\/2026\/03\/78104354602__B30F6E8D-7830-4FBE-8971-252C10409BA2-1024x768.jpeg 1024w, https:\/\/jurassique.ca\/wp-content\/uploads\/2026\/03\/78104354602__B30F6E8D-7830-4FBE-8971-252C10409BA2-300x225.jpeg 300w, https:\/\/jurassique.ca\/wp-content\/uploads\/2026\/03\/78104354602__B30F6E8D-7830-4FBE-8971-252C10409BA2-768x576.jpeg 768w, https:\/\/jurassique.ca\/wp-content\/uploads\/2026\/03\/78104354602__B30F6E8D-7830-4FBE-8971-252C10409BA2-1536x1152.jpeg 1536w, https:\/\/jurassique.ca\/wp-content\/uploads\/2026\/03\/78104354602__B30F6E8D-7830-4FBE-8971-252C10409BA2-2048x1536.jpeg 2048w, https:\/\/jurassique.ca\/wp-content\/uploads\/2026\/03\/78104354602__B30F6E8D-7830-4FBE-8971-252C10409BA2-16x12.jpeg 16w\" sizes=\"(max-width: 800px) 100vw, 800px\" \/>\t\t\t\t\t\t\t\t\t\t\t\t\t\t\t<\/div>\n\t\t\t\t<\/div>\n\t\t\t\t<div class=\"elementor-element elementor-element-344251d elementor-widget elementor-widget-image\" data-id=\"344251d\" data-element_type=\"widget\" data-e-type=\"widget\" data-widget_type=\"image.default\">\n\t\t\t\t<div class=\"elementor-widget-container\">\n\t\t\t\t\t\t\t\t\t\t\t\t\t\t\t<img loading=\"lazy\" decoding=\"async\" width=\"768\" height=\"1024\" src=\"https:\/\/jurassique.ca\/wp-content\/uploads\/2026\/03\/IMG_1550-768x1024.jpeg\" class=\"attachment-large size-large wp-image-979\" alt=\"\" srcset=\"https:\/\/jurassique.ca\/wp-content\/uploads\/2026\/03\/IMG_1550-768x1024.jpeg 768w, https:\/\/jurassique.ca\/wp-content\/uploads\/2026\/03\/IMG_1550-225x300.jpeg 225w, https:\/\/jurassique.ca\/wp-content\/uploads\/2026\/03\/IMG_1550-1152x1536.jpeg 1152w, https:\/\/jurassique.ca\/wp-content\/uploads\/2026\/03\/IMG_1550-1536x2048.jpeg 1536w, https:\/\/jurassique.ca\/wp-content\/uploads\/2026\/03\/IMG_1550-9x12.jpeg 9w, https:\/\/jurassique.ca\/wp-content\/uploads\/2026\/03\/IMG_1550-scaled.jpeg 1920w\" sizes=\"(max-width: 768px) 100vw, 768px\" \/>\t\t\t\t\t\t\t\t\t\t\t\t\t\t\t<\/div>\n\t\t\t\t<\/div>\n\t\t\t\t\t<\/div>\n\t\t\t\t<\/div>\n\t\t\t\t<\/div>","protected":false},"excerpt":{"rendered":"<p>Quelles sont les modalit\u00e9s de paiement pour les r\u00e9servations de groupe et les f\u00eates d\u2019anniversaire? Tous les paiements se font par l\u2019interm\u00e9diaire de notre syst\u00e8me de paiement en ligne s\u00e9curis\u00e9, dont le lien vous est envoy\u00e9 par courriel. Aucun paiement n\u2019est accept\u00e9 par t\u00e9l\u00e9phone ou en personne pour ce type de r\u00e9servation de groupe. Si [&hellip;]<\/p>","protected":false},"author":1,"featured_media":0,"parent":0,"menu_order":0,"comment_status":"closed","ping_status":"closed","template":"","meta":{"footnotes":""},"class_list":["post-761","page","type-page","status-publish","hentry"],"yoast_head":"<!-- This site is optimized with the Yoast SEO plugin v26.6 - https:\/\/yoast.com\/wordpress\/plugins\/seo\/ -->\n<title>Modalit\u00e9s paiement - Jurassique Golf et Amusements<\/title>\n<meta name=\"robots\" content=\"index, follow, max-snippet:-1, max-image-preview:large, max-video-preview:-1\" \/>\n<link rel=\"canonical\" href=\"https:\/\/jurassique.ca\/en\/modalites-paiement\/\" \/>\n<meta property=\"og:locale\" content=\"en_US\" \/>\n<meta property=\"og:type\" content=\"article\" \/>\n<meta property=\"og:title\" content=\"Modalit\u00e9s paiement - Jurassique Golf et Amusements\" \/>\n<meta property=\"og:description\" content=\"Quelles sont les modalit\u00e9s de paiement pour les r\u00e9servations de groupe et les f\u00eates d\u2019anniversaire? Tous les paiements se font par l\u2019interm\u00e9diaire de notre syst\u00e8me de paiement en ligne s\u00e9curis\u00e9, dont le lien vous est envoy\u00e9 par courriel. Aucun paiement n\u2019est accept\u00e9 par t\u00e9l\u00e9phone ou en personne pour ce type de r\u00e9servation de groupe. Si [&hellip;]\" \/>\n<meta property=\"og:url\" content=\"https:\/\/jurassique.ca\/en\/modalites-paiement\/\" \/>\n<meta property=\"og:site_name\" content=\"Jurassique Golf et Amusements\" \/>\n<meta property=\"article:publisher\" content=\"https:\/\/www.facebook.com\/jurassiquegolf\" \/>\n<meta property=\"article:modified_time\" content=\"2026-03-05T19:23:25+00:00\" \/>\n<meta property=\"og:image\" content=\"https:\/\/jurassique.ca\/wp-content\/uploads\/2026\/03\/IMG_5327-768x1024.jpeg\" \/>\n<meta name=\"twitter:card\" content=\"summary_large_image\" \/>\n<meta name=\"twitter:label1\" content=\"Est. reading time\" \/>\n\t<meta name=\"twitter:data1\" content=\"2 minutes\" \/>\n<script type=\"application\/ld+json\" class=\"yoast-schema-graph\">{\"@context\":\"https:\/\/schema.org\",\"@graph\":[{\"@type\":\"WebPage\",\"@id\":\"https:\/\/jurassique.ca\/modalites-paiement\/\",\"url\":\"https:\/\/jurassique.ca\/modalites-paiement\/\",\"name\":\"Modalit\u00e9s paiement - Jurassique Golf et Amusements\",\"isPartOf\":{\"@id\":\"https:\/\/jurassique.ca\/#website\"},\"primaryImageOfPage\":{\"@id\":\"https:\/\/jurassique.ca\/modalites-paiement\/#primaryimage\"},\"image\":{\"@id\":\"https:\/\/jurassique.ca\/modalites-paiement\/#primaryimage\"},\"thumbnailUrl\":\"https:\/\/jurassique.ca\/wp-content\/uploads\/2026\/03\/IMG_5327-768x1024.jpeg\",\"datePublished\":\"2025-09-18T21:06:35+00:00\",\"dateModified\":\"2026-03-05T19:23:25+00:00\",\"breadcrumb\":{\"@id\":\"https:\/\/jurassique.ca\/modalites-paiement\/#breadcrumb\"},\"inLanguage\":\"en-CA\",\"potentialAction\":[{\"@type\":\"ReadAction\",\"target\":[\"https:\/\/jurassique.ca\/modalites-paiement\/\"]}]},{\"@type\":\"ImageObject\",\"inLanguage\":\"en-CA\",\"@id\":\"https:\/\/jurassique.ca\/modalites-paiement\/#primaryimage\",\"url\":\"https:\/\/jurassique.ca\/wp-content\/uploads\/2026\/03\/IMG_5327-768x1024.jpeg\",\"contentUrl\":\"https:\/\/jurassique.ca\/wp-content\/uploads\/2026\/03\/IMG_5327-768x1024.jpeg\"},{\"@type\":\"BreadcrumbList\",\"@id\":\"https:\/\/jurassique.ca\/modalites-paiement\/#breadcrumb\",\"itemListElement\":[{\"@type\":\"ListItem\",\"position\":1,\"name\":\"Home\",\"item\":\"https:\/\/jurassique.ca\/\"},{\"@type\":\"ListItem\",\"position\":2,\"name\":\"Modalit\u00e9s paiement\"}]},{\"@type\":\"WebSite\",\"@id\":\"https:\/\/jurassique.ca\/#website\",\"url\":\"https:\/\/jurassique.ca\/\",\"name\":\"Jurassique Golf et Amusements\",\"description\":\"Plus qu\u2019un mini golf!\",\"publisher\":{\"@id\":\"https:\/\/jurassique.ca\/#organization\"},\"potentialAction\":[{\"@type\":\"SearchAction\",\"target\":{\"@type\":\"EntryPoint\",\"urlTemplate\":\"https:\/\/jurassique.ca\/?s={search_term_string}\"},\"query-input\":{\"@type\":\"PropertyValueSpecification\",\"valueRequired\":true,\"valueName\":\"search_term_string\"}}],\"inLanguage\":\"en-CA\"},{\"@type\":\"Organization\",\"@id\":\"https:\/\/jurassique.ca\/#organization\",\"name\":\"Jurassique Golf et Amusements\",\"url\":\"https:\/\/jurassique.ca\/\",\"logo\":{\"@type\":\"ImageObject\",\"inLanguage\":\"en-CA\",\"@id\":\"https:\/\/jurassique.ca\/#\/schema\/logo\/image\/\",\"url\":\"https:\/\/jurassique.ca\/wp-content\/uploads\/2024\/09\/cropped-transparent-jur-small.png\",\"contentUrl\":\"https:\/\/jurassique.ca\/wp-content\/uploads\/2024\/09\/cropped-transparent-jur-small.png\",\"width\":512,\"height\":512,\"caption\":\"Jurassique Golf et Amusements\"},\"image\":{\"@id\":\"https:\/\/jurassique.ca\/#\/schema\/logo\/image\/\"},\"sameAs\":[\"https:\/\/www.facebook.com\/jurassiquegolf\",\"https:\/\/www.instagram.com\/jurassiquegolf\",\"https:\/\/www.tiktok.com\/@jurassiquegolf\/\"]}]}<\/script>\n<!-- \/ Yoast SEO plugin. -->","yoast_head_json":{"title":"Modalit\u00e9s paiement - Jurassique Golf et Amusements","robots":{"index":"index","follow":"follow","max-snippet":"max-snippet:-1","max-image-preview":"max-image-preview:large","max-video-preview":"max-video-preview:-1"},"canonical":"https:\/\/jurassique.ca\/en\/modalites-paiement\/","og_locale":"en_US","og_type":"article","og_title":"Modalit\u00e9s paiement - Jurassique Golf et Amusements","og_description":"Quelles sont les modalit\u00e9s de paiement pour les r\u00e9servations de groupe et les f\u00eates d\u2019anniversaire? Tous les paiements se font par l\u2019interm\u00e9diaire de notre syst\u00e8me de paiement en ligne s\u00e9curis\u00e9, dont le lien vous est envoy\u00e9 par courriel. Aucun paiement n\u2019est accept\u00e9 par t\u00e9l\u00e9phone ou en personne pour ce type de r\u00e9servation de groupe. Si [&hellip;]","og_url":"https:\/\/jurassique.ca\/en\/modalites-paiement\/","og_site_name":"Jurassique Golf et Amusements","article_publisher":"https:\/\/www.facebook.com\/jurassiquegolf","article_modified_time":"2026-03-05T19:23:25+00:00","og_image":[{"url":"https:\/\/jurassique.ca\/wp-content\/uploads\/2026\/03\/IMG_5327-768x1024.jpeg","type":"","width":"","height":""}],"twitter_card":"summary_large_image","twitter_misc":{"Est. reading time":"2 minutes"},"schema":{"@context":"https:\/\/schema.org","@graph":[{"@type":"WebPage","@id":"https:\/\/jurassique.ca\/modalites-paiement\/","url":"https:\/\/jurassique.ca\/modalites-paiement\/","name":"Modalit\u00e9s paiement - Jurassique Golf et Amusements","isPartOf":{"@id":"https:\/\/jurassique.ca\/#website"},"primaryImageOfPage":{"@id":"https:\/\/jurassique.ca\/modalites-paiement\/#primaryimage"},"image":{"@id":"https:\/\/jurassique.ca\/modalites-paiement\/#primaryimage"},"thumbnailUrl":"https:\/\/jurassique.ca\/wp-content\/uploads\/2026\/03\/IMG_5327-768x1024.jpeg","datePublished":"2025-09-18T21:06:35+00:00","dateModified":"2026-03-05T19:23:25+00:00","breadcrumb":{"@id":"https:\/\/jurassique.ca\/modalites-paiement\/#breadcrumb"},"inLanguage":"en-CA","potentialAction":[{"@type":"ReadAction","target":["https:\/\/jurassique.ca\/modalites-paiement\/"]}]},{"@type":"ImageObject","inLanguage":"en-CA","@id":"https:\/\/jurassique.ca\/modalites-paiement\/#primaryimage","url":"https:\/\/jurassique.ca\/wp-content\/uploads\/2026\/03\/IMG_5327-768x1024.jpeg","contentUrl":"https:\/\/jurassique.ca\/wp-content\/uploads\/2026\/03\/IMG_5327-768x1024.jpeg"},{"@type":"BreadcrumbList","@id":"https:\/\/jurassique.ca\/modalites-paiement\/#breadcrumb","itemListElement":[{"@type":"ListItem","position":1,"name":"Home","item":"https:\/\/jurassique.ca\/"},{"@type":"ListItem","position":2,"name":"Modalit\u00e9s paiement"}]},{"@type":"WebSite","@id":"https:\/\/jurassique.ca\/#website","url":"https:\/\/jurassique.ca\/","name":"Jurassique Golf et Amusements","description":"Plus qu\u2019un mini golf!","publisher":{"@id":"https:\/\/jurassique.ca\/#organization"},"potentialAction":[{"@type":"SearchAction","target":{"@type":"EntryPoint","urlTemplate":"https:\/\/jurassique.ca\/?s={search_term_string}"},"query-input":{"@type":"PropertyValueSpecification","valueRequired":true,"valueName":"search_term_string"}}],"inLanguage":"en-CA"},{"@type":"Organization","@id":"https:\/\/jurassique.ca\/#organization","name":"Jurassique Golf et Amusements","url":"https:\/\/jurassique.ca\/","logo":{"@type":"ImageObject","inLanguage":"en-CA","@id":"https:\/\/jurassique.ca\/#\/schema\/logo\/image\/","url":"https:\/\/jurassique.ca\/wp-content\/uploads\/2024\/09\/cropped-transparent-jur-small.png","contentUrl":"https:\/\/jurassique.ca\/wp-content\/uploads\/2024\/09\/cropped-transparent-jur-small.png","width":512,"height":512,"caption":"Jurassique Golf et Amusements"},"image":{"@id":"https:\/\/jurassique.ca\/#\/schema\/logo\/image\/"},"sameAs":["https:\/\/www.facebook.com\/jurassiquegolf","https:\/\/www.instagram.com\/jurassiquegolf","https:\/\/www.tiktok.com\/@jurassiquegolf\/"]}]}},"_links":{"self":[{"href":"https:\/\/jurassique.ca\/en\/wp-json\/wp\/v2\/pages\/761","targetHints":{"allow":["GET"]}}],"collection":[{"href":"https:\/\/jurassique.ca\/en\/wp-json\/wp\/v2\/pages"}],"about":[{"href":"https:\/\/jurassique.ca\/en\/wp-json\/wp\/v2\/types\/page"}],"author":[{"embeddable":true,"href":"https:\/\/jurassique.ca\/en\/wp-json\/wp\/v2\/users\/1"}],"replies":[{"embeddable":true,"href":"https:\/\/jurassique.ca\/en\/wp-json\/wp\/v2\/comments?post=761"}],"version-history":[{"count":12,"href":"https:\/\/jurassique.ca\/en\/wp-json\/wp\/v2\/pages\/761\/revisions"}],"predecessor-version":[{"id":983,"href":"https:\/\/jurassique.ca\/en\/wp-json\/wp\/v2\/pages\/761\/revisions\/983"}],"wp:attachment":[{"href":"https:\/\/jurassique.ca\/en\/wp-json\/wp\/v2\/media?parent=761"}],"curies":[{"name":"wp","href":"https:\/\/api.w.org\/{rel}","templated":true}]}}