{"id":813,"date":"2025-10-24T18:05:12","date_gmt":"2025-10-24T18:05:12","guid":{"rendered":"https:\/\/jurassique.ca\/?page_id=813"},"modified":"2025-10-24T18:13:02","modified_gmt":"2025-10-24T18:13:02","slug":"special","status":"publish","type":"page","link":"https:\/\/jurassique.ca\/en\/special\/","title":{"rendered":"special"},"content":{"rendered":"<div data-elementor-type=\"wp-page\" data-elementor-id=\"813\" class=\"elementor elementor-813\" data-elementor-post-type=\"page\">\n\t\t\t\t<div class=\"elementor-element elementor-element-f6f65ff e-grid e-con-boxed e-con e-parent\" data-id=\"f6f65ff\" data-element_type=\"container\" data-e-type=\"container\">\n\t\t\t\t\t<div class=\"e-con-inner\">\n\t\t\t\t<div class=\"elementor-element elementor-element-9d78457 elementor-widget elementor-widget-image\" data-id=\"9d78457\" data-element_type=\"widget\" data-e-type=\"widget\" data-widget_type=\"image.default\">\n\t\t\t\t<div class=\"elementor-widget-container\">\n\t\t\t\t\t\t\t\t\t\t\t\t\t\t\t<img decoding=\"async\" src=\"https:\/\/jurassique.ca\/wp-content\/uploads\/2025\/10\/Halloween-Prehistorique-Jurassique-2025.png\" title=\"Halloween Pre\u0301historique Jurassique 2025\" alt=\"Halloween Pre\u0301historique Jurassique 2025\" loading=\"lazy\" \/>\t\t\t\t\t\t\t\t\t\t\t\t\t\t\t<\/div>\n\t\t\t\t<\/div>\n\t\t\t\t<div class=\"elementor-element elementor-element-266163b elementor-widget elementor-widget-text-editor\" data-id=\"266163b\" data-element_type=\"widget\" data-e-type=\"widget\" data-widget_type=\"text-editor.default\">\n\t\t\t\t<div class=\"elementor-widget-container\">\n\t\t\t\t\t\t\t\t\t<p>Les <strong>30 et 31 octobre 2025<\/strong>, <strong>Jurassique Golf et Amusements<\/strong> c\u00e9l\u00e9brera l\u2019Halloween\u2026 <strong>\u00e0 la fa\u00e7on pr\u00e9historique !<\/strong> \ud83e\udd96\ud83c\udf83<\/p><p>Venez jouer \u00e0 notre <strong>parcours de mini-golf de 18 trous<\/strong>, rempli de dinosaures, dont plusieurs auront rev\u00eatu leurs plus beaux costumes d\u2019Halloween !<br \/>Et si vous vous joignez \u00e0 eux en venant <strong>d\u00e9guis\u00e9<\/strong>, vous recevrez <strong>25 % de rabais sur votre billet de mini-golf<\/strong> ! \ud83d\udc7b<\/p><p><strong>Conditions :<\/strong><\/p><ul><li><p>Le client doit \u00eatre <strong>d\u00e9guis\u00e9<\/strong> pour b\u00e9n\u00e9ficier du rabais.<\/p><\/li><li><p>Le rabais est <strong>valide uniquement les 30 et 31 octobre 2025<\/strong>, et ne peut s\u2019appliquer \u00e0 des billets pour une autre date.<\/p><\/li><li><p>Le rabais s\u2019applique <strong>seulement aux billets de mini-golf<\/strong>, et non aux autres produits.<\/p><\/li><li><p>Le billet doit \u00eatre <strong>achet\u00e9 sur place<\/strong> (et non en ligne).<\/p><\/li><li><p><strong>Aucune r\u00e9servation n\u2019est requise<\/strong> pour profiter de cette offre.<\/p><\/li><\/ul><p>De plus, venez visiter <strong>notre cabine photo hant\u00e9e<\/strong> et repartez avec une <strong>photo Polaroid souvenir<\/strong> de votre exp\u00e9rience pr\u00e9historique terrifiante pour <strong>5 $ + taxes<\/strong> ! \ud83d\udcf8<\/p><p>Assurez-vous de porter votre plus beau costume et <strong>venez c\u00e9l\u00e9brer la p\u00e9riode la plus effrayante de l\u2019ann\u00e9e avec les cr\u00e9atures les plus redoutables \u00e0 avoir jamais foul\u00e9 la Terre !<\/strong><\/p>\t\t\t\t\t\t\t\t<\/div>\n\t\t\t\t<\/div>\n\t\t\t\t\t<\/div>\n\t\t\t\t<\/div>\n\t\t\t\t<\/div>","protected":false},"excerpt":{"rendered":"<p>Les 30 et 31 octobre 2025, Jurassique Golf et Amusements c\u00e9l\u00e9brera l\u2019Halloween\u2026 \u00e0 la fa\u00e7on pr\u00e9historique ! \ud83e\udd96\ud83c\udf83 Venez jouer \u00e0 notre parcours de mini-golf de 18 trous, rempli de dinosaures, dont plusieurs auront rev\u00eatu leurs plus beaux costumes d\u2019Halloween !Et si vous vous joignez \u00e0 eux en venant d\u00e9guis\u00e9, vous recevrez 25 % de [&hellip;]<\/p>","protected":false},"author":1,"featured_media":0,"parent":0,"menu_order":0,"comment_status":"closed","ping_status":"closed","template":"","meta":{"footnotes":""},"class_list":["post-813","page","type-page","status-publish","hentry"],"yoast_head":"<!-- This site is optimized with the Yoast SEO plugin v26.6 - https:\/\/yoast.com\/wordpress\/plugins\/seo\/ -->\n<title>special - Jurassique Golf et Amusements<\/title>\n<meta name=\"robots\" content=\"index, follow, max-snippet:-1, max-image-preview:large, max-video-preview:-1\" \/>\n<link rel=\"canonical\" href=\"https:\/\/jurassique.ca\/en\/special\/\" \/>\n<meta property=\"og:locale\" content=\"en_US\" \/>\n<meta property=\"og:type\" content=\"article\" \/>\n<meta property=\"og:title\" content=\"special - Jurassique Golf et Amusements\" \/>\n<meta property=\"og:description\" content=\"Les 30 et 31 octobre 2025, Jurassique Golf et Amusements c\u00e9l\u00e9brera l\u2019Halloween\u2026 \u00e0 la fa\u00e7on pr\u00e9historique ! \ud83e\udd96\ud83c\udf83 Venez jouer \u00e0 notre parcours de mini-golf de 18 trous, rempli de dinosaures, dont plusieurs auront rev\u00eatu leurs plus beaux costumes d\u2019Halloween !Et si vous vous joignez \u00e0 eux en venant d\u00e9guis\u00e9, vous recevrez 25 % de [&hellip;]\" \/>\n<meta property=\"og:url\" content=\"https:\/\/jurassique.ca\/en\/special\/\" \/>\n<meta property=\"og:site_name\" content=\"Jurassique Golf et Amusements\" \/>\n<meta property=\"article:publisher\" content=\"https:\/\/www.facebook.com\/jurassiquegolf\" \/>\n<meta property=\"article:modified_time\" content=\"2025-10-24T18:13:02+00:00\" \/>\n<meta property=\"og:image\" content=\"https:\/\/jurassique.ca\/wp-content\/uploads\/2025\/10\/Halloween-Prehistorique-Jurassique-2025.png\" \/>\n<meta name=\"twitter:card\" content=\"summary_large_image\" \/>\n<meta name=\"twitter:label1\" content=\"Est. reading time\" \/>\n\t<meta name=\"twitter:data1\" content=\"1 minute\" \/>\n<script type=\"application\/ld+json\" class=\"yoast-schema-graph\">{\"@context\":\"https:\/\/schema.org\",\"@graph\":[{\"@type\":\"WebPage\",\"@id\":\"https:\/\/jurassique.ca\/special\/\",\"url\":\"https:\/\/jurassique.ca\/special\/\",\"name\":\"special - Jurassique Golf et Amusements\",\"isPartOf\":{\"@id\":\"https:\/\/jurassique.ca\/#website\"},\"primaryImageOfPage\":{\"@id\":\"https:\/\/jurassique.ca\/special\/#primaryimage\"},\"image\":{\"@id\":\"https:\/\/jurassique.ca\/special\/#primaryimage\"},\"thumbnailUrl\":\"https:\/\/jurassique.ca\/wp-content\/uploads\/2025\/10\/Halloween-Prehistorique-Jurassique-2025.png\",\"datePublished\":\"2025-10-24T18:05:12+00:00\",\"dateModified\":\"2025-10-24T18:13:02+00:00\",\"breadcrumb\":{\"@id\":\"https:\/\/jurassique.ca\/special\/#breadcrumb\"},\"inLanguage\":\"en-CA\",\"potentialAction\":[{\"@type\":\"ReadAction\",\"target\":[\"https:\/\/jurassique.ca\/special\/\"]}]},{\"@type\":\"ImageObject\",\"inLanguage\":\"en-CA\",\"@id\":\"https:\/\/jurassique.ca\/special\/#primaryimage\",\"url\":\"https:\/\/jurassique.ca\/wp-content\/uploads\/2025\/10\/Halloween-Prehistorique-Jurassique-2025.png\",\"contentUrl\":\"https:\/\/jurassique.ca\/wp-content\/uploads\/2025\/10\/Halloween-Prehistorique-Jurassique-2025.png\"},{\"@type\":\"BreadcrumbList\",\"@id\":\"https:\/\/jurassique.ca\/special\/#breadcrumb\",\"itemListElement\":[{\"@type\":\"ListItem\",\"position\":1,\"name\":\"Home\",\"item\":\"https:\/\/jurassique.ca\/\"},{\"@type\":\"ListItem\",\"position\":2,\"name\":\"special\"}]},{\"@type\":\"WebSite\",\"@id\":\"https:\/\/jurassique.ca\/#website\",\"url\":\"https:\/\/jurassique.ca\/\",\"name\":\"Jurassique Golf et Amusements\",\"description\":\"Plus qu\u2019un mini golf!\",\"publisher\":{\"@id\":\"https:\/\/jurassique.ca\/#organization\"},\"potentialAction\":[{\"@type\":\"SearchAction\",\"target\":{\"@type\":\"EntryPoint\",\"urlTemplate\":\"https:\/\/jurassique.ca\/?s={search_term_string}\"},\"query-input\":{\"@type\":\"PropertyValueSpecification\",\"valueRequired\":true,\"valueName\":\"search_term_string\"}}],\"inLanguage\":\"en-CA\"},{\"@type\":\"Organization\",\"@id\":\"https:\/\/jurassique.ca\/#organization\",\"name\":\"Jurassique Golf et Amusements\",\"url\":\"https:\/\/jurassique.ca\/\",\"logo\":{\"@type\":\"ImageObject\",\"inLanguage\":\"en-CA\",\"@id\":\"https:\/\/jurassique.ca\/#\/schema\/logo\/image\/\",\"url\":\"https:\/\/jurassique.ca\/wp-content\/uploads\/2024\/09\/cropped-transparent-jur-small.png\",\"contentUrl\":\"https:\/\/jurassique.ca\/wp-content\/uploads\/2024\/09\/cropped-transparent-jur-small.png\",\"width\":512,\"height\":512,\"caption\":\"Jurassique Golf et Amusements\"},\"image\":{\"@id\":\"https:\/\/jurassique.ca\/#\/schema\/logo\/image\/\"},\"sameAs\":[\"https:\/\/www.facebook.com\/jurassiquegolf\",\"https:\/\/www.instagram.com\/jurassiquegolf\",\"https:\/\/www.tiktok.com\/@jurassiquegolf\/\"]}]}<\/script>\n<!-- \/ Yoast SEO plugin. -->","yoast_head_json":{"title":"special - Jurassique Golf et Amusements","robots":{"index":"index","follow":"follow","max-snippet":"max-snippet:-1","max-image-preview":"max-image-preview:large","max-video-preview":"max-video-preview:-1"},"canonical":"https:\/\/jurassique.ca\/en\/special\/","og_locale":"en_US","og_type":"article","og_title":"special - Jurassique Golf et Amusements","og_description":"Les 30 et 31 octobre 2025, Jurassique Golf et Amusements c\u00e9l\u00e9brera l\u2019Halloween\u2026 \u00e0 la fa\u00e7on pr\u00e9historique ! \ud83e\udd96\ud83c\udf83 Venez jouer \u00e0 notre parcours de mini-golf de 18 trous, rempli de dinosaures, dont plusieurs auront rev\u00eatu leurs plus beaux costumes d\u2019Halloween !Et si vous vous joignez \u00e0 eux en venant d\u00e9guis\u00e9, vous recevrez 25 % de [&hellip;]","og_url":"https:\/\/jurassique.ca\/en\/special\/","og_site_name":"Jurassique Golf et Amusements","article_publisher":"https:\/\/www.facebook.com\/jurassiquegolf","article_modified_time":"2025-10-24T18:13:02+00:00","og_image":[{"url":"https:\/\/jurassique.ca\/wp-content\/uploads\/2025\/10\/Halloween-Prehistorique-Jurassique-2025.png","type":"","width":"","height":""}],"twitter_card":"summary_large_image","twitter_misc":{"Est. reading time":"1 minute"},"schema":{"@context":"https:\/\/schema.org","@graph":[{"@type":"WebPage","@id":"https:\/\/jurassique.ca\/special\/","url":"https:\/\/jurassique.ca\/special\/","name":"special - Jurassique Golf et Amusements","isPartOf":{"@id":"https:\/\/jurassique.ca\/#website"},"primaryImageOfPage":{"@id":"https:\/\/jurassique.ca\/special\/#primaryimage"},"image":{"@id":"https:\/\/jurassique.ca\/special\/#primaryimage"},"thumbnailUrl":"https:\/\/jurassique.ca\/wp-content\/uploads\/2025\/10\/Halloween-Prehistorique-Jurassique-2025.png","datePublished":"2025-10-24T18:05:12+00:00","dateModified":"2025-10-24T18:13:02+00:00","breadcrumb":{"@id":"https:\/\/jurassique.ca\/special\/#breadcrumb"},"inLanguage":"en-CA","potentialAction":[{"@type":"ReadAction","target":["https:\/\/jurassique.ca\/special\/"]}]},{"@type":"ImageObject","inLanguage":"en-CA","@id":"https:\/\/jurassique.ca\/special\/#primaryimage","url":"https:\/\/jurassique.ca\/wp-content\/uploads\/2025\/10\/Halloween-Prehistorique-Jurassique-2025.png","contentUrl":"https:\/\/jurassique.ca\/wp-content\/uploads\/2025\/10\/Halloween-Prehistorique-Jurassique-2025.png"},{"@type":"BreadcrumbList","@id":"https:\/\/jurassique.ca\/special\/#breadcrumb","itemListElement":[{"@type":"ListItem","position":1,"name":"Home","item":"https:\/\/jurassique.ca\/"},{"@type":"ListItem","position":2,"name":"special"}]},{"@type":"WebSite","@id":"https:\/\/jurassique.ca\/#website","url":"https:\/\/jurassique.ca\/","name":"Jurassique Golf et Amusements","description":"Plus qu\u2019un mini golf!","publisher":{"@id":"https:\/\/jurassique.ca\/#organization"},"potentialAction":[{"@type":"SearchAction","target":{"@type":"EntryPoint","urlTemplate":"https:\/\/jurassique.ca\/?s={search_term_string}"},"query-input":{"@type":"PropertyValueSpecification","valueRequired":true,"valueName":"search_term_string"}}],"inLanguage":"en-CA"},{"@type":"Organization","@id":"https:\/\/jurassique.ca\/#organization","name":"Jurassique Golf et Amusements","url":"https:\/\/jurassique.ca\/","logo":{"@type":"ImageObject","inLanguage":"en-CA","@id":"https:\/\/jurassique.ca\/#\/schema\/logo\/image\/","url":"https:\/\/jurassique.ca\/wp-content\/uploads\/2024\/09\/cropped-transparent-jur-small.png","contentUrl":"https:\/\/jurassique.ca\/wp-content\/uploads\/2024\/09\/cropped-transparent-jur-small.png","width":512,"height":512,"caption":"Jurassique Golf et Amusements"},"image":{"@id":"https:\/\/jurassique.ca\/#\/schema\/logo\/image\/"},"sameAs":["https:\/\/www.facebook.com\/jurassiquegolf","https:\/\/www.instagram.com\/jurassiquegolf","https:\/\/www.tiktok.com\/@jurassiquegolf\/"]}]}},"_links":{"self":[{"href":"https:\/\/jurassique.ca\/en\/wp-json\/wp\/v2\/pages\/813","targetHints":{"allow":["GET"]}}],"collection":[{"href":"https:\/\/jurassique.ca\/en\/wp-json\/wp\/v2\/pages"}],"about":[{"href":"https:\/\/jurassique.ca\/en\/wp-json\/wp\/v2\/types\/page"}],"author":[{"embeddable":true,"href":"https:\/\/jurassique.ca\/en\/wp-json\/wp\/v2\/users\/1"}],"replies":[{"embeddable":true,"href":"https:\/\/jurassique.ca\/en\/wp-json\/wp\/v2\/comments?post=813"}],"version-history":[{"count":3,"href":"https:\/\/jurassique.ca\/en\/wp-json\/wp\/v2\/pages\/813\/revisions"}],"predecessor-version":[{"id":817,"href":"https:\/\/jurassique.ca\/en\/wp-json\/wp\/v2\/pages\/813\/revisions\/817"}],"wp:attachment":[{"href":"https:\/\/jurassique.ca\/en\/wp-json\/wp\/v2\/media?parent=813"}],"curies":[{"name":"wp","href":"https:\/\/api.w.org\/{rel}","templated":true}]}}